{"id":9,"date":"2025-12-16T23:48:18","date_gmt":"2025-12-16T23:48:18","guid":{"rendered":"https:\/\/therootoflib.wpenginepowered.com\/?page_id=9"},"modified":"2025-12-18T02:55:01","modified_gmt":"2025-12-18T02:55:01","slug":"authors","status":"publish","type":"page","link":"https:\/\/www.therootofliberty.com\/?page_id=9","title":{"rendered":"Authors"},"content":{"rendered":"\n<p><a href=\"https:\/\/www.therootofliberty.com\/?page_id=48\" data-type=\"page\" data-id=\"48\">Leonard E. Read<\/a><\/p>\n\n\n\n<p><a href=\"https:\/\/www.therootofliberty.com\/?page_id=53\" data-type=\"page\" data-id=\"53\">Fr\u00e9d\u00e9ric Bastiat<\/a><\/p>\n\n\n\n<p><a href=\"https:\/\/www.therootofliberty.com\/?page_id=56\" data-type=\"page\" data-id=\"56\">\u00c9tienne de la Bo\u00e9tie<\/a><\/p>\n\n\n\n<p><a href=\"https:\/\/www.therootofliberty.com\/?page_id=58\" data-type=\"page\" data-id=\"58\">Davy Crockett<\/a><\/p>\n\n\n\n<p><a href=\"https:\/\/www.therootofliberty.com\/?page_id=59\" data-type=\"page\" data-id=\"59\">Friedrich A. Hayek<\/a><\/p>\n\n\n\n<p><a href=\"https:\/\/www.therootofliberty.com\/?page_id=60\" data-type=\"page\" data-id=\"60\">Robert Nozick<\/a><\/p>\n\n\n\n<p><a href=\"https:\/\/www.therootofliberty.com\/?page_id=62\" data-type=\"page\" data-id=\"62\">Franz Oppenheimer<\/a><\/p>\n\n\n\n<p><a href=\"https:\/\/www.therootofliberty.com\/?page_id=64\" data-type=\"page\" data-id=\"64\">John Hasnas<\/a><\/p>\n\n\n\n<p><a href=\"https:\/\/www.therootofliberty.com\/?page_id=66\" data-type=\"page\" data-id=\"66\">Auberon Herbert<\/a><\/p>\n\n\n\n<p><a href=\"https:\/\/www.therootofliberty.com\/?page_id=67\" data-type=\"page\" data-id=\"67\">Murray N. Rothbard<\/a><\/p>\n","protected":false},"excerpt":{"rendered":"<p>Leonard E. Read Fr\u00e9d\u00e9ric Bastiat \u00c9tienne de la Bo\u00e9tie Davy Crockett Friedrich A. Hayek Robert Nozick Franz Oppenheimer John Hasnas Auberon Herbert Murray N. Rothbard<\/p>\n","protected":false},"author":1,"featured_media":0,"parent":0,"menu_order":0,"comment_status":"closed","ping_status":"closed","template":"","meta":{"_genesis_block_theme_hide_title":false,"footnotes":""},"class_list":["post-9","page","type-page","status-publish","hentry","post","without-featured-image"],"featured_image_src":null,"featured_image_src_square":null,"_links":{"self":[{"href":"https:\/\/www.therootofliberty.com\/index.php?rest_route=\/wp\/v2\/pages\/9","targetHints":{"allow":["GET"]}}],"collection":[{"href":"https:\/\/www.therootofliberty.com\/index.php?rest_route=\/wp\/v2\/pages"}],"about":[{"href":"https:\/\/www.therootofliberty.com\/index.php?rest_route=\/wp\/v2\/types\/page"}],"author":[{"embeddable":true,"href":"https:\/\/www.therootofliberty.com\/index.php?rest_route=\/wp\/v2\/users\/1"}],"replies":[{"embeddable":true,"href":"https:\/\/www.therootofliberty.com\/index.php?rest_route=%2Fwp%2Fv2%2Fcomments&post=9"}],"version-history":[{"count":0,"href":"https:\/\/www.therootofliberty.com\/index.php?rest_route=\/wp\/v2\/pages\/9\/revisions"}],"wp:attachment":[{"href":"https:\/\/www.therootofliberty.com\/index.php?rest_route=%2Fwp%2Fv2%2Fmedia&parent=9"}],"curies":[{"name":"wp","href":"https:\/\/api.w.org\/{rel}","templated":true}]}}